{"id":153,"date":"2025-05-07T18:22:11","date_gmt":"2025-05-07T18:22:11","guid":{"rendered":"https:\/\/ismartrent.com\/?page_id=153"},"modified":"2026-04-09T17:39:38","modified_gmt":"2026-04-09T17:39:38","slug":"about","status":"publish","type":"page","link":"https:\/\/ismartrent.com\/pl\/about\/","title":{"rendered":"O nas."},"content":{"rendered":"<p>Witamy w <strong>Inteligentny wynajem<\/strong>, Twoje niezawodne miejsce docelowe dla wszystkiego, co zwi\u0105zane z <strong>nieruchomo\u015bci w Stanach Zjednoczonych<\/strong>Oferujemy fachowe spostrze\u017cenia, praktyczne porady i dobrze opracowane tre\u015bci, kt\u00f3re pomog\u0105 Ci pewnie porusza\u0107 si\u0119 po rynku nieruchomo\u015bci, niezale\u017cnie od tego, czy chcesz <strong>wynaj\u0105\u0107 dom<\/strong>, <strong>kup swoj\u0105 pierwsz\u0105 nieruchomo\u015b\u0107<\/strong>lub poznaj najlepsze dzielnice pod k\u0105tem inwestycji.<\/p>\n\n\n\n<h2 class=\"wp-block-heading\">Kim jeste\u015bmy.<\/h2>\n\n\n\n<p>I Smart Rent to zesp\u00f3\u0142 entuzjast\u00f3w nieruchomo\u015bci, analityk\u00f3w rynku i specjalist\u00f3w ds. tre\u015bci, kt\u00f3rych misj\u0105 jest odczarowanie skomplikowanego \u015bwiata wynajmu i posiadania domu. Nasz\u0105 misj\u0105 jest zapewnienie <strong>jasne, aktualne i bezstronne informacje<\/strong> dzi\u0119ki czemu mo\u017cesz podejmowa\u0107 m\u0105dre i \u015bwiadome decyzje dotycz\u0105ce nieruchomo\u015bci \u2014 niezale\u017cnie od tego, czy dopiero zaczynasz przygod\u0119 z rynkiem nieruchomo\u015bci, czy jeste\u015b do\u015bwiadczonym inwestorem.<\/p>\n\n\n\n<p>Prze\u0142amujemy \u017cargon bran\u017cowy i dostarczamy Ci tre\u015bci, kt\u00f3re <strong>istotne, wykonalne i godne zaufania<\/strong>, dzi\u0119ki czemu z \u0142atwo\u015bci\u0105 znajdziesz idealny dom lub okazj\u0119 inwestycyjn\u0105.<\/p>\n\n\n\n<h2 class=\"wp-block-heading\">Co oferujemy.<\/h2>\n\n\n\n<p>W I Smart Rent tworzymy tre\u015bci dla szerokiego grona u\u017cytkownik\u00f3w \u2013 od os\u00f3b wynajmuj\u0105cych po raz pierwszy po do\u015bwiadczonych kupuj\u0105cych. Oto, czego mo\u017cesz si\u0119 spodziewa\u0107:<\/p>\n\n\n\n<p>\u2714 <strong>Najlepsze rekomendacje nieruchomo\u015bci<\/strong> \u2013 Odkryj wyr\u00f3\u017cnione oferty, okazje mieszkaniowe i przewodniki po lokalizacjach dostosowane do Twojego bud\u017cetu i stylu \u017cycia.<br>\u2714 <strong>Przewodniki krok po kroku dotycz\u0105ce wynajmu i zakupu<\/strong> \u2013 Dowiedz si\u0119, jak wynaj\u0105\u0107, sfinansowa\u0107 lub kupi\u0107 nieruchomo\u015b\u0107 w USA, korzystaj\u0105c z \u0142atwych do zrozumienia instrukcji i porad ekspert\u00f3w.<br>\u2714 <strong>Trendy rynkowe i spostrze\u017cenia dotycz\u0105ce okolicy<\/strong> \u2013 B\u0105d\u017a na bie\u017c\u0105co z aktualizacjami dotycz\u0105cymi cen wynajmu, st\u00f3p procentowych kredyt\u00f3w hipotecznych i popularnych miejsc do \u017cycia lub inwestowania.<br>\u2714 <strong>Narz\u0119dzia i zasoby edukacyjne<\/strong> \u2013 Zrozumie\u0107 terminologi\u0119 dotycz\u0105c\u0105 nieruchomo\u015bci, procesy prawne i najlepsze praktyki, u\u017cywaj\u0105c prostego, praktycznego j\u0119zyka.<br>\u2714 <strong>Niezale\u017cna analiza<\/strong> \u2013 Nasze tre\u015bci s\u0105 oparte na badaniach i przejrzyste, zaprojektowane tak, aby pom\u00f3c Ci por\u00f3wna\u0107 dost\u0119pne opcje i dokona\u0107 wyboru ze \u015bwiadomo\u015bci\u0105, \u017ce masz pewno\u015b\u0107.<\/p>\n\n\n\n<h2 class=\"wp-block-heading\">Zastrze\u017cenie prawne.<\/h2>\n\n\n\n<p>I Smart Rent dzia\u0142a jako <strong>niezale\u017cne \u017ar\u00f3d\u0142o<\/strong> informacji o nieruchomo\u015bciach i jest <strong>nie jest powi\u0105zany<\/strong> z ka\u017cdym w\u0142a\u015bcicielem nieruchomo\u015bci, deweloperem, instytucj\u0105 finansow\u0105 lub programem rz\u0105dowym wymienionym na stronie. Wszystkie nasze przewodniki, rekomendacje i analizy s\u0105 przeznaczone <strong>tylko w celach informacyjnych<\/strong> i nie nale\u017cy ich interpretowa\u0107 jako porady prawnej, finansowej lub inwestycyjnej.<\/p>\n\n\n\n<p>Cho\u0107 d\u0105\u017cymy do dok\u0142adno\u015bci i neutralno\u015bci wszystkich tre\u015bci, zach\u0119camy naszych u\u017cytkownik\u00f3w, <strong>przeprowadzi\u0107 w\u0142asne badania<\/strong> lub skonsultuj si\u0119 ze specjalistami, gdy podejmujesz wa\u017cne decyzje dotycz\u0105ce mieszkania.<\/p>\n\n\n\n<p>W I Smart Rent nasz cel jest prosty: <strong>aby wyposa\u017cy\u0107 Ci\u0119 w rzetelne, rzetelnie opracowane tre\u015bci, dzi\u0119ki kt\u00f3rym b\u0119dziesz m\u00f3g\u0142 z przejrzysto\u015bci\u0105 i pewno\u015bci\u0105 siebie poznawa\u0107 rynek nieruchomo\u015bci w USA.<\/strong><\/p>","protected":false},"excerpt":{"rendered":"<p>Witamy w I Smart Rent, Twoim niezawodnym miejscu, gdzie znajdziesz wszystko, co zwi\u0105zane z nieruchomo\u015bciami w Stanach Zjednoczonych. Oferujemy fachowe spostrze\u017cenia, praktyczne porady i rzetelnie opracowane tre\u015bci, kt\u00f3re pomog\u0105 Ci pewnie porusza\u0107 si\u0119 po rynku nieruchomo\u015bci \u2013 niezale\u017cnie od tego, czy chcesz wynaj\u0105\u0107 dom, kupi\u0107 swoj\u0105 pierwsz\u0105 nieruchomo\u015b\u0107, czy te\u017c odkry\u0107 najlepsze dzielnice pod inwestycj\u0119. Kim jeste\u015bmy. [\u2026]<\/p>","protected":false},"author":6,"featured_media":0,"parent":0,"menu_order":0,"comment_status":"closed","ping_status":"closed","template":"page-nosidebar.php","meta":{"footnotes":""},"yoast_head":"<!-- This site is optimized with the Yoast SEO plugin v23.3 - https:\/\/yoast.com\/wordpress\/plugins\/seo\/ -->\n<title>About Us. - iSmart Rent<\/title>\n<meta name=\"robots\" content=\"index, follow, max-snippet:-1, max-image-preview:large, max-video-preview:-1\" \/>\n<link rel=\"canonical\" href=\"https:\/\/ismartrent.com\/pl\/about\/\" \/>\n<meta property=\"og:locale\" content=\"pl_PL\" \/>\n<meta property=\"og:type\" content=\"article\" \/>\n<meta property=\"og:title\" content=\"About Us. - iSmart Rent\" \/>\n<meta property=\"og:description\" content=\"Welcome to I Smart Rent, your reliable destination for everything related to real estate in the United States. We offer expert insights, practical advice, and well-researched content to help you confidently navigate the property market\u2014whether you\u2019re looking to rent a home, buy your first property, or explore the best neighborhoods for investment. Who We Are. [&hellip;]\" \/>\n<meta property=\"og:url\" content=\"https:\/\/ismartrent.com\/pl\/about\/\" \/>\n<meta property=\"og:site_name\" content=\"iSmart Rent\" \/>\n<meta property=\"article:modified_time\" content=\"2026-04-09T17:39:38+00:00\" \/>\n<meta name=\"twitter:card\" content=\"summary_large_image\" \/>\n<meta name=\"twitter:label1\" content=\"Est. reading time\" \/>\n\t<meta name=\"twitter:data1\" content=\"2 minuty\" \/>\n<script type=\"application\/ld+json\" class=\"yoast-schema-graph\">{\"@context\":\"https:\/\/schema.org\",\"@graph\":[{\"@type\":\"WebPage\",\"@id\":\"https:\/\/ismartrent.com\/about\/\",\"url\":\"https:\/\/ismartrent.com\/about\/\",\"name\":\"About Us. - iSmart Rent\",\"isPartOf\":{\"@id\":\"https:\/\/ismartrent.com\/#website\"},\"datePublished\":\"2025-05-07T18:22:11+00:00\",\"dateModified\":\"2026-04-09T17:39:38+00:00\",\"breadcrumb\":{\"@id\":\"https:\/\/ismartrent.com\/about\/#breadcrumb\"},\"inLanguage\":\"pl-PL\",\"potentialAction\":[{\"@type\":\"ReadAction\",\"target\":[\"https:\/\/ismartrent.com\/about\/\"]}]},{\"@type\":\"BreadcrumbList\",\"@id\":\"https:\/\/ismartrent.com\/about\/#breadcrumb\",\"itemListElement\":[{\"@type\":\"ListItem\",\"position\":1,\"name\":\"Home\",\"item\":\"https:\/\/ismartrent.com\/\"},{\"@type\":\"ListItem\",\"position\":2,\"name\":\"About Us.\"}]},{\"@type\":\"WebSite\",\"@id\":\"https:\/\/ismartrent.com\/#website\",\"url\":\"https:\/\/ismartrent.com\/\",\"name\":\"iSmart Rent\",\"description\":\"\",\"potentialAction\":[{\"@type\":\"SearchAction\",\"target\":{\"@type\":\"EntryPoint\",\"urlTemplate\":\"https:\/\/ismartrent.com\/?s={search_term_string}\"},\"query-input\":\"required name=search_term_string\"}],\"inLanguage\":\"pl-PL\"}]}<\/script>\n<!-- \/ Yoast SEO plugin. -->","yoast_head_json":{"title":"About Us. - iSmart Rent","robots":{"index":"index","follow":"follow","max-snippet":"max-snippet:-1","max-image-preview":"max-image-preview:large","max-video-preview":"max-video-preview:-1"},"canonical":"https:\/\/ismartrent.com\/pl\/about\/","og_locale":"pl_PL","og_type":"article","og_title":"About Us. - iSmart Rent","og_description":"Welcome to I Smart Rent, your reliable destination for everything related to real estate in the United States. We offer expert insights, practical advice, and well-researched content to help you confidently navigate the property market\u2014whether you\u2019re looking to rent a home, buy your first property, or explore the best neighborhoods for investment. Who We Are. [&hellip;]","og_url":"https:\/\/ismartrent.com\/pl\/about\/","og_site_name":"iSmart Rent","article_modified_time":"2026-04-09T17:39:38+00:00","twitter_card":"summary_large_image","twitter_misc":{"Est. reading time":"2 minuty"},"schema":{"@context":"https:\/\/schema.org","@graph":[{"@type":"WebPage","@id":"https:\/\/ismartrent.com\/about\/","url":"https:\/\/ismartrent.com\/about\/","name":"About Us. - iSmart Rent","isPartOf":{"@id":"https:\/\/ismartrent.com\/#website"},"datePublished":"2025-05-07T18:22:11+00:00","dateModified":"2026-04-09T17:39:38+00:00","breadcrumb":{"@id":"https:\/\/ismartrent.com\/about\/#breadcrumb"},"inLanguage":"pl-PL","potentialAction":[{"@type":"ReadAction","target":["https:\/\/ismartrent.com\/about\/"]}]},{"@type":"BreadcrumbList","@id":"https:\/\/ismartrent.com\/about\/#breadcrumb","itemListElement":[{"@type":"ListItem","position":1,"name":"Home","item":"https:\/\/ismartrent.com\/"},{"@type":"ListItem","position":2,"name":"About Us."}]},{"@type":"WebSite","@id":"https:\/\/ismartrent.com\/#website","url":"https:\/\/ismartrent.com\/","name":"iSmart Rent","description":"","potentialAction":[{"@type":"SearchAction","target":{"@type":"EntryPoint","urlTemplate":"https:\/\/ismartrent.com\/?s={search_term_string}"},"query-input":"required name=search_term_string"}],"inLanguage":"pl-PL"}]}},"_links":{"self":[{"href":"https:\/\/ismartrent.com\/pl\/wp-json\/wp\/v2\/pages\/153"}],"collection":[{"href":"https:\/\/ismartrent.com\/pl\/wp-json\/wp\/v2\/pages"}],"about":[{"href":"https:\/\/ismartrent.com\/pl\/wp-json\/wp\/v2\/types\/page"}],"author":[{"embeddable":true,"href":"https:\/\/ismartrent.com\/pl\/wp-json\/wp\/v2\/users\/6"}],"replies":[{"embeddable":true,"href":"https:\/\/ismartrent.com\/pl\/wp-json\/wp\/v2\/comments?post=153"}],"version-history":[{"count":1,"href":"https:\/\/ismartrent.com\/pl\/wp-json\/wp\/v2\/pages\/153\/revisions"}],"predecessor-version":[{"id":154,"href":"https:\/\/ismartrent.com\/pl\/wp-json\/wp\/v2\/pages\/153\/revisions\/154"}],"wp:attachment":[{"href":"https:\/\/ismartrent.com\/pl\/wp-json\/wp\/v2\/media?parent=153"}],"curies":[{"name":"wp","href":"https:\/\/api.w.org\/{rel}","templated":true}]}}